{"id":21788,"date":"2025-04-06T23:09:25","date_gmt":"2025-04-07T04:09:25","guid":{"rendered":"https:\/\/convexorealestatelaw.com\/?page_id=21788"},"modified":"2025-04-06T23:47:40","modified_gmt":"2025-04-07T04:47:40","slug":"testimonials","status":"publish","type":"page","link":"https:\/\/convexorealestatelaw.com\/es\/testimonials\/","title":{"rendered":"Testimonios"},"content":{"rendered":"<div data-elementor-type=\"wp-page\" data-elementor-id=\"21788\" class=\"elementor elementor-21788\">\n\t\t\t\t<div class=\"elementor-element elementor-element-026358a e-flex e-con-boxed e-con e-parent\" data-id=\"026358a\" data-element_type=\"container\" data-e-type=\"container\">\n\t\t\t\t\t<div class=\"e-con-inner\">\n\t\t<div class=\"elementor-element elementor-element-e86a070 e-con-full e-flex e-con e-child\" data-id=\"e86a070\" data-element_type=\"container\" data-e-type=\"container\">\n\t\t\t\t<div class=\"elementor-element elementor-element-5030688 elementor-widget elementor-widget-spacer\" data-id=\"5030688\" data-element_type=\"widget\" data-e-type=\"widget\" data-widget_type=\"spacer.default\">\n\t\t\t\t<div class=\"elementor-widget-container\">\n\t\t\t\t\t\t\t<div class=\"elementor-spacer\">\n\t\t\t<div class=\"elementor-spacer-inner\"><\/div>\n\t\t<\/div>\n\t\t\t\t\t\t<\/div>\n\t\t\t\t<\/div>\n\t\t\t\t<\/div>\n\t\t\t\t<div class=\"elementor-element elementor-element-6732c3a elementor-widget elementor-widget-houzez_elementor_testimonials_v2\" data-id=\"6732c3a\" data-element_type=\"widget\" data-e-type=\"widget\" data-widget_type=\"houzez_elementor_testimonials_v2.default\">\n\t\t\t\t<div class=\"elementor-widget-container\">\n\t\t\t\t\t\n            <div class=\"testimonials-module testimonials-module-v2\">\n                <div class=\"row\">\n                    \n                            <div class=\"col-md-4 col-sm-12\">\n                                <div class=\"testimonial-item testimonial-item-v2 mb-4\">\n\t\t\n\t\t<div class=\"testimonial-icon mb-2\">\n\t\t\t<i class=\"houzez-icon icon-close-quote\"><\/i>\n\t\t<\/div><!-- testimonial-icon -->\n\t\t<div class=\"testimonial-body mb-4\">\n\t\tUn equipo que te quita el peso de encima. S\u00faper ejecutivos, atentos al detalles y atenci\u00f3n excelente. Muy agradecida.\t<\/div><!-- testimonial-body -->\n\t<div class=\"d-flex align-items-center\">\n\t\t\n\t\t\t        <div class=\"testimonial-thumb mb-0 me-4\">\n\t            <img decoding=\"async\" width=\"70\" height=\"70\" src=\"https:\/\/convexorealestatelaw.com\/wp-content\/uploads\/2024\/12\/WhatsApp-Image-2024-12-06-at-7.03.01-PM-150x150.jpeg\" class=\"img-fluid rounded-circle\" alt=\"\" srcset=\"https:\/\/convexorealestatelaw.com\/wp-content\/uploads\/2024\/12\/WhatsApp-Image-2024-12-06-at-7.03.01-PM-150x150.jpeg 150w, https:\/\/convexorealestatelaw.com\/wp-content\/uploads\/2024\/12\/WhatsApp-Image-2024-12-06-at-7.03.01-PM-780x780.jpeg 780w\" sizes=\"(max-width: 70px) 100vw, 70px\" \/>\t        <\/div>\n\t    \t\n\n\t\t<div class=\"testimonial-info\">\n\t\t\t<strong class=\"testimonial-name\">Laura Carter G\u00f3mez<\/strong><br>\n\t\t\t<em class=\"testimonial-job\"><\/em>\n\t\t<\/div><!-- testimonial-info -->\n\t<\/div><!-- d-flex -->\n<\/div><!-- testimonial-item -->                            <\/div>\n                    \n                            <div class=\"col-md-4 col-sm-12\">\n                                <div class=\"testimonial-item testimonial-item-v2 mb-4\">\n\t\t\n\t\t<div class=\"testimonial-icon mb-2\">\n\t\t\t<i class=\"houzez-icon icon-close-quote\"><\/i>\n\t\t<\/div><!-- testimonial-icon -->\n\t\t<div class=\"testimonial-body mb-4\">\n\t\tTo be honest, Convexo surprised me. Real professionals who are truly committed, super capable, and who accompany you throughout the entire purchase process.\t<\/div><!-- testimonial-body -->\n\t<div class=\"d-flex align-items-center\">\n\t\t\n\t\t\t        <div class=\"testimonial-thumb mb-0 me-4\">\n\t            <img decoding=\"async\" width=\"70\" height=\"70\" src=\"https:\/\/convexorealestatelaw.com\/wp-content\/uploads\/2024\/12\/400667696_7437101836317787_1936804043655969199_n-150x150.jpg\" class=\"img-fluid rounded-circle\" alt=\"\" srcset=\"https:\/\/convexorealestatelaw.com\/wp-content\/uploads\/2024\/12\/400667696_7437101836317787_1936804043655969199_n-150x150.jpg 150w, https:\/\/convexorealestatelaw.com\/wp-content\/uploads\/2024\/12\/400667696_7437101836317787_1936804043655969199_n-300x300.jpg 300w, https:\/\/convexorealestatelaw.com\/wp-content\/uploads\/2024\/12\/400667696_7437101836317787_1936804043655969199_n-1024x1024.jpg 1024w, https:\/\/convexorealestatelaw.com\/wp-content\/uploads\/2024\/12\/400667696_7437101836317787_1936804043655969199_n-768x768.jpg 768w, https:\/\/convexorealestatelaw.com\/wp-content\/uploads\/2024\/12\/400667696_7437101836317787_1936804043655969199_n-780x780.jpg 780w, https:\/\/convexorealestatelaw.com\/wp-content\/uploads\/2024\/12\/400667696_7437101836317787_1936804043655969199_n-600x600.jpg 600w, https:\/\/convexorealestatelaw.com\/wp-content\/uploads\/2024\/12\/400667696_7437101836317787_1936804043655969199_n-496x496.jpg 496w, https:\/\/convexorealestatelaw.com\/wp-content\/uploads\/2024\/12\/400667696_7437101836317787_1936804043655969199_n.jpg 1536w\" sizes=\"(max-width: 70px) 100vw, 70px\" \/>\t        <\/div>\n\t    \t\n\n\t\t<div class=\"testimonial-info\">\n\t\t\t<strong class=\"testimonial-name\">Roy Bennett<\/strong><br>\n\t\t\t<em class=\"testimonial-job\"><\/em>\n\t\t<\/div><!-- testimonial-info -->\n\t<\/div><!-- d-flex -->\n<\/div><!-- testimonial-item -->                            <\/div>\n                    \n                            <div class=\"col-md-4 col-sm-12\">\n                                <div class=\"testimonial-item testimonial-item-v2 mb-4\">\n\t\t\n\t\t<div class=\"testimonial-icon mb-2\">\n\t\t\t<i class=\"houzez-icon icon-close-quote\"><\/i>\n\t\t<\/div><!-- testimonial-icon -->\n\t\t<div class=\"testimonial-body mb-4\">\n\t\tA young, dynamic, and professional team. My family and I are truly grateful for all the assistance provided.\t<\/div><!-- testimonial-body -->\n\t<div class=\"d-flex align-items-center\">\n\t\t\n\t\t\t        <div class=\"testimonial-thumb mb-0 me-4\">\n\t            <img decoding=\"async\" width=\"70\" height=\"70\" src=\"https:\/\/convexorealestatelaw.com\/wp-content\/uploads\/2024\/12\/Ernest-parker-150x150.jpg\" class=\"img-fluid rounded-circle\" alt=\"\" srcset=\"https:\/\/convexorealestatelaw.com\/wp-content\/uploads\/2024\/12\/Ernest-parker-150x150.jpg 150w, https:\/\/convexorealestatelaw.com\/wp-content\/uploads\/2024\/12\/Ernest-parker-780x780.jpg 780w\" sizes=\"(max-width: 70px) 100vw, 70px\" \/>\t        <\/div>\n\t    \t\n\n\t\t<div class=\"testimonial-info\">\n\t\t\t<strong class=\"testimonial-name\">Ernie Parker<\/strong><br>\n\t\t\t<em class=\"testimonial-job\"><\/em>\n\t\t<\/div><!-- testimonial-info -->\n\t<\/div><!-- d-flex -->\n<\/div><!-- testimonial-item -->                            <\/div>\n                                    <\/div>\n            <\/div><!-- testimonials-module -->\n\n        \n\n        \t\t\t\t<\/div>\n\t\t\t\t<\/div>\n\t\t\t\t\t<\/div>\n\t\t\t\t<\/div>\n\t\t\t\t<\/div>","protected":false},"excerpt":{"rendered":"<p>To be honest, Convexo surprised me. Real professionals who are truly committed, super capable, and who accompany you throughout the entire purchase process. Roy Bennett Un equipo que te quita el peso de encima. S\u00faper ejecutivos, atentos al detalles y atenci\u00f3n excelente. Muy agradecida. Laura Carter G\u00f3mez A young, dynamic, and professional team. My family [&hellip;]<\/p>\n","protected":false},"author":4,"featured_media":0,"parent":0,"menu_order":0,"comment_status":"closed","ping_status":"closed","template":"elementor_header_footer","meta":{"_joinchat":[],"footnotes":""},"class_list":["post-21788","page","type-page","status-publish","hentry"],"yoast_head":"<!-- This site is optimized with the Yoast SEO plugin v27.5 - https:\/\/yoast.com\/product\/yoast-seo-wordpress\/ -->\n<title>Testimonials - convexo<\/title>\n<meta name=\"robots\" content=\"index, follow, max-snippet:-1, max-image-preview:large, max-video-preview:-1\" \/>\n<link rel=\"canonical\" href=\"https:\/\/convexorealestatelaw.com\/es\/testimonials\/\" \/>\n<meta property=\"og:locale\" content=\"es_ES\" \/>\n<meta property=\"og:type\" content=\"article\" \/>\n<meta property=\"og:title\" content=\"Testimonials - convexo\" \/>\n<meta property=\"og:description\" content=\"To be honest, Convexo surprised me. Real professionals who are truly committed, super capable, and who accompany you throughout the entire purchase process. Roy Bennett Un equipo que te quita el peso de encima. S\u00faper ejecutivos, atentos al detalles y atenci\u00f3n excelente. Muy agradecida. Laura Carter G\u00f3mez A young, dynamic, and professional team. My family [&hellip;]\" \/>\n<meta property=\"og:url\" content=\"https:\/\/convexorealestatelaw.com\/es\/testimonials\/\" \/>\n<meta property=\"og:site_name\" content=\"convexo\" \/>\n<meta property=\"article:publisher\" content=\"https:\/\/www.facebook.com\/convexorealestate\/\" \/>\n<meta property=\"article:modified_time\" content=\"2025-04-07T04:47:40+00:00\" \/>\n<meta property=\"og:image\" content=\"https:\/\/convexorealestatelaw.com\/wp-content\/uploads\/2024\/12\/400667696_7437101836317787_1936804043655969199_n-150x150.jpg\" \/>\n<meta name=\"twitter:card\" content=\"summary_large_image\" \/>\n<script type=\"application\/ld+json\" class=\"yoast-schema-graph\">{\"@context\":\"https:\\\/\\\/schema.org\",\"@graph\":[{\"@type\":\"WebPage\",\"@id\":\"https:\\\/\\\/convexorealestatelaw.com\\\/testimonials\\\/\",\"url\":\"https:\\\/\\\/convexorealestatelaw.com\\\/testimonials\\\/\",\"name\":\"Testimonials - convexo\",\"isPartOf\":{\"@id\":\"https:\\\/\\\/convexorealestatelaw.com\\\/#website\"},\"primaryImageOfPage\":{\"@id\":\"https:\\\/\\\/convexorealestatelaw.com\\\/testimonials\\\/#primaryimage\"},\"image\":{\"@id\":\"https:\\\/\\\/convexorealestatelaw.com\\\/testimonials\\\/#primaryimage\"},\"thumbnailUrl\":\"https:\\\/\\\/convexorealestatelaw.com\\\/wp-content\\\/uploads\\\/2024\\\/12\\\/400667696_7437101836317787_1936804043655969199_n-150x150.jpg\",\"datePublished\":\"2025-04-07T04:09:25+00:00\",\"dateModified\":\"2025-04-07T04:47:40+00:00\",\"breadcrumb\":{\"@id\":\"https:\\\/\\\/convexorealestatelaw.com\\\/testimonials\\\/#breadcrumb\"},\"inLanguage\":\"es-CO\",\"potentialAction\":[{\"@type\":\"ReadAction\",\"target\":[\"https:\\\/\\\/convexorealestatelaw.com\\\/testimonials\\\/\"]}]},{\"@type\":\"ImageObject\",\"inLanguage\":\"es-CO\",\"@id\":\"https:\\\/\\\/convexorealestatelaw.com\\\/testimonials\\\/#primaryimage\",\"url\":\"https:\\\/\\\/convexorealestatelaw.com\\\/wp-content\\\/uploads\\\/2024\\\/12\\\/400667696_7437101836317787_1936804043655969199_n-150x150.jpg\",\"contentUrl\":\"https:\\\/\\\/convexorealestatelaw.com\\\/wp-content\\\/uploads\\\/2024\\\/12\\\/400667696_7437101836317787_1936804043655969199_n-150x150.jpg\"},{\"@type\":\"BreadcrumbList\",\"@id\":\"https:\\\/\\\/convexorealestatelaw.com\\\/testimonials\\\/#breadcrumb\",\"itemListElement\":[{\"@type\":\"ListItem\",\"position\":1,\"name\":\"Inicio\",\"item\":\"https:\\\/\\\/convexorealestatelaw.com\\\/\"},{\"@type\":\"ListItem\",\"position\":2,\"name\":\"Testimonials\"}]},{\"@type\":\"WebSite\",\"@id\":\"https:\\\/\\\/convexorealestatelaw.com\\\/#website\",\"url\":\"https:\\\/\\\/convexorealestatelaw.com\\\/\",\"name\":\"convexo\",\"description\":\"\",\"publisher\":{\"@id\":\"https:\\\/\\\/convexorealestatelaw.com\\\/#organization\"},\"potentialAction\":[{\"@type\":\"SearchAction\",\"target\":{\"@type\":\"EntryPoint\",\"urlTemplate\":\"https:\\\/\\\/convexorealestatelaw.com\\\/?s={search_term_string}\"},\"query-input\":{\"@type\":\"PropertyValueSpecification\",\"valueRequired\":true,\"valueName\":\"search_term_string\"}}],\"inLanguage\":\"es-CO\"},{\"@type\":\"Organization\",\"@id\":\"https:\\\/\\\/convexorealestatelaw.com\\\/#organization\",\"name\":\"convexo\",\"url\":\"https:\\\/\\\/convexorealestatelaw.com\\\/\",\"logo\":{\"@type\":\"ImageObject\",\"inLanguage\":\"es-CO\",\"@id\":\"https:\\\/\\\/convexorealestatelaw.com\\\/#\\\/schema\\\/logo\\\/image\\\/\",\"url\":\"https:\\\/\\\/convexorealestatelaw.com\\\/wp-content\\\/uploads\\\/2025\\\/07\\\/Convexo_Icono_color-3.png\",\"contentUrl\":\"https:\\\/\\\/convexorealestatelaw.com\\\/wp-content\\\/uploads\\\/2025\\\/07\\\/Convexo_Icono_color-3.png\",\"width\":464,\"height\":380,\"caption\":\"convexo\"},\"image\":{\"@id\":\"https:\\\/\\\/convexorealestatelaw.com\\\/#\\\/schema\\\/logo\\\/image\\\/\"},\"sameAs\":[\"https:\\\/\\\/www.facebook.com\\\/convexorealestate\\\/\"]}]}<\/script>\n<!-- \/ Yoast SEO plugin. -->","yoast_head_json":{"title":"Testimonials - convexo","robots":{"index":"index","follow":"follow","max-snippet":"max-snippet:-1","max-image-preview":"max-image-preview:large","max-video-preview":"max-video-preview:-1"},"canonical":"https:\/\/convexorealestatelaw.com\/es\/testimonials\/","og_locale":"es_ES","og_type":"article","og_title":"Testimonials - convexo","og_description":"To be honest, Convexo surprised me. Real professionals who are truly committed, super capable, and who accompany you throughout the entire purchase process. Roy Bennett Un equipo que te quita el peso de encima. S\u00faper ejecutivos, atentos al detalles y atenci\u00f3n excelente. Muy agradecida. Laura Carter G\u00f3mez A young, dynamic, and professional team. My family [&hellip;]","og_url":"https:\/\/convexorealestatelaw.com\/es\/testimonials\/","og_site_name":"convexo","article_publisher":"https:\/\/www.facebook.com\/convexorealestate\/","article_modified_time":"2025-04-07T04:47:40+00:00","og_image":[{"url":"https:\/\/convexorealestatelaw.com\/wp-content\/uploads\/2024\/12\/400667696_7437101836317787_1936804043655969199_n-150x150.jpg","type":"","width":"","height":""}],"twitter_card":"summary_large_image","schema":{"@context":"https:\/\/schema.org","@graph":[{"@type":"WebPage","@id":"https:\/\/convexorealestatelaw.com\/testimonials\/","url":"https:\/\/convexorealestatelaw.com\/testimonials\/","name":"Testimonials - convexo","isPartOf":{"@id":"https:\/\/convexorealestatelaw.com\/#website"},"primaryImageOfPage":{"@id":"https:\/\/convexorealestatelaw.com\/testimonials\/#primaryimage"},"image":{"@id":"https:\/\/convexorealestatelaw.com\/testimonials\/#primaryimage"},"thumbnailUrl":"https:\/\/convexorealestatelaw.com\/wp-content\/uploads\/2024\/12\/400667696_7437101836317787_1936804043655969199_n-150x150.jpg","datePublished":"2025-04-07T04:09:25+00:00","dateModified":"2025-04-07T04:47:40+00:00","breadcrumb":{"@id":"https:\/\/convexorealestatelaw.com\/testimonials\/#breadcrumb"},"inLanguage":"es-CO","potentialAction":[{"@type":"ReadAction","target":["https:\/\/convexorealestatelaw.com\/testimonials\/"]}]},{"@type":"ImageObject","inLanguage":"es-CO","@id":"https:\/\/convexorealestatelaw.com\/testimonials\/#primaryimage","url":"https:\/\/convexorealestatelaw.com\/wp-content\/uploads\/2024\/12\/400667696_7437101836317787_1936804043655969199_n-150x150.jpg","contentUrl":"https:\/\/convexorealestatelaw.com\/wp-content\/uploads\/2024\/12\/400667696_7437101836317787_1936804043655969199_n-150x150.jpg"},{"@type":"BreadcrumbList","@id":"https:\/\/convexorealestatelaw.com\/testimonials\/#breadcrumb","itemListElement":[{"@type":"ListItem","position":1,"name":"Inicio","item":"https:\/\/convexorealestatelaw.com\/"},{"@type":"ListItem","position":2,"name":"Testimonials"}]},{"@type":"WebSite","@id":"https:\/\/convexorealestatelaw.com\/#website","url":"https:\/\/convexorealestatelaw.com\/","name":"convexo","description":"","publisher":{"@id":"https:\/\/convexorealestatelaw.com\/#organization"},"potentialAction":[{"@type":"SearchAction","target":{"@type":"EntryPoint","urlTemplate":"https:\/\/convexorealestatelaw.com\/?s={search_term_string}"},"query-input":{"@type":"PropertyValueSpecification","valueRequired":true,"valueName":"search_term_string"}}],"inLanguage":"es-CO"},{"@type":"Organization","@id":"https:\/\/convexorealestatelaw.com\/#organization","name":"convexo","url":"https:\/\/convexorealestatelaw.com\/","logo":{"@type":"ImageObject","inLanguage":"es-CO","@id":"https:\/\/convexorealestatelaw.com\/#\/schema\/logo\/image\/","url":"https:\/\/convexorealestatelaw.com\/wp-content\/uploads\/2025\/07\/Convexo_Icono_color-3.png","contentUrl":"https:\/\/convexorealestatelaw.com\/wp-content\/uploads\/2025\/07\/Convexo_Icono_color-3.png","width":464,"height":380,"caption":"convexo"},"image":{"@id":"https:\/\/convexorealestatelaw.com\/#\/schema\/logo\/image\/"},"sameAs":["https:\/\/www.facebook.com\/convexorealestate\/"]}]}},"_links":{"self":[{"href":"https:\/\/convexorealestatelaw.com\/es\/wp-json\/wp\/v2\/pages\/21788","targetHints":{"allow":["GET"]}}],"collection":[{"href":"https:\/\/convexorealestatelaw.com\/es\/wp-json\/wp\/v2\/pages"}],"about":[{"href":"https:\/\/convexorealestatelaw.com\/es\/wp-json\/wp\/v2\/types\/page"}],"author":[{"embeddable":true,"href":"https:\/\/convexorealestatelaw.com\/es\/wp-json\/wp\/v2\/users\/4"}],"replies":[{"embeddable":true,"href":"https:\/\/convexorealestatelaw.com\/es\/wp-json\/wp\/v2\/comments?post=21788"}],"version-history":[{"count":7,"href":"https:\/\/convexorealestatelaw.com\/es\/wp-json\/wp\/v2\/pages\/21788\/revisions"}],"predecessor-version":[{"id":21802,"href":"https:\/\/convexorealestatelaw.com\/es\/wp-json\/wp\/v2\/pages\/21788\/revisions\/21802"}],"wp:attachment":[{"href":"https:\/\/convexorealestatelaw.com\/es\/wp-json\/wp\/v2\/media?parent=21788"}],"curies":[{"name":"wp","href":"https:\/\/api.w.org\/{rel}","templated":true}]}}